{"id":243,"date":"2020-08-20T10:56:44","date_gmt":"2020-08-20T10:56:44","guid":{"rendered":"http:\/\/anaolivegren.com\/?page_id=243"},"modified":"2024-02-21T15:33:53","modified_gmt":"2024-02-21T15:33:53","slug":"sessioner","status":"publish","type":"page","link":"https:\/\/anaolivegren.com\/en\/sessioner\/","title":{"rendered":"Sessioner\u200b"},"content":{"rendered":"<div data-elementor-type=\"wp-page\" data-elementor-id=\"243\" class=\"elementor elementor-243\">\n\t\t\t\t\t\t<div class=\"elementor-inner\">\n\t\t\t\t<div class=\"elementor-section-wrap\">\n\t\t\t\t\t\t\t\t\t<section class=\"elementor-section elementor-top-section elementor-element elementor-element-29b71499 elementor-section-full_width elementor-section-height-default elementor-section-height-default\" data-id=\"29b71499\" data-element_type=\"section\">\n\t\t\t\t\t\t<div class=\"elementor-container elementor-column-gap-no\">\n\t\t\t\t\t\t\t<div class=\"elementor-row\">\n\t\t\t\t\t<div class=\"elementor-column elementor-col-100 elementor-top-column elementor-element elementor-element-5be45252\" data-id=\"5be45252\" data-element_type=\"column\" data-settings=\"{&quot;background_background&quot;:&quot;classic&quot;}\">\n\t\t\t<div class=\"elementor-column-wrap elementor-element-populated\">\n\t\t\t\t\t\t\t<div class=\"elementor-widget-wrap\">\n\t\t\t\t\t\t<div class=\"elementor-element elementor-element-490232bd elementor-widget elementor-widget-spacer\" data-id=\"490232bd\" data-element_type=\"widget\" data-widget_type=\"spacer.default\">\n\t\t\t\t<div class=\"elementor-widget-container\">\n\t\t\t\t\t<div class=\"elementor-spacer\">\n\t\t\t<div class=\"elementor-spacer-inner\"><\/div>\n\t\t<\/div>\n\t\t\t\t<\/div>\n\t\t\t\t<\/div>\n\t\t\t\t\t\t<\/div>\n\t\t\t\t\t<\/div>\n\t\t<\/div>\n\t\t\t\t\t\t\t\t<\/div>\n\t\t\t\t\t<\/div>\n\t\t<\/section>\n\t\t\t\t<section class=\"elementor-section elementor-top-section elementor-element elementor-element-4fe683e9 elementor-section-content-middle elementor-section-boxed elementor-section-height-default elementor-section-height-default\" data-id=\"4fe683e9\" data-element_type=\"section\">\n\t\t\t\t\t\t<div class=\"elementor-container elementor-column-gap-no\">\n\t\t\t\t\t\t\t<div class=\"elementor-row\">\n\t\t\t\t\t<div class=\"elementor-column elementor-col-100 elementor-top-column elementor-element elementor-element-5bd5621e\" data-id=\"5bd5621e\" data-element_type=\"column\">\n\t\t\t<div class=\"elementor-column-wrap elementor-element-populated\">\n\t\t\t\t\t\t\t<div class=\"elementor-widget-wrap\">\n\t\t\t\t\t\t<div class=\"elementor-element elementor-element-55a49dc7 animated-slow elementor-invisible elementor-widget elementor-widget-heading\" data-id=\"55a49dc7\" data-element_type=\"widget\" data-settings=\"{&quot;_animation&quot;:&quot;fadeInUp&quot;,&quot;_animation_delay&quot;:300}\" data-widget_type=\"heading.default\">\n\t\t\t\t<div class=\"elementor-widget-container\">\n\t\t\t<h4 class=\"elementor-heading-title elementor-size-default\">Sessioner\u200b<\/h4>\t\t<\/div>\n\t\t\t\t<\/div>\n\t\t\t\t<div class=\"elementor-element elementor-element-6553a990 animated-slow elementor-widget elementor-widget-text-editor\" data-id=\"6553a990\" data-element_type=\"widget\" data-settings=\"{&quot;_animation&quot;:&quot;none&quot;,&quot;_animation_delay&quot;:600}\" data-widget_type=\"text-editor.default\">\n\t\t\t\t<div class=\"elementor-widget-container\">\n\t\t\t\t\t\t\t\t<div class=\"elementor-text-editor elementor-clearfix\">\n\t\t\t\t<p>Ibland beh\u00f6ver man hj\u00e4lp att f\u00f6rst\u00e5, att hitta en l\u00f6sning eller skapa nya perspektiv. Kanske \u00f6nskar man genomf\u00f6ra varaktiga f\u00f6r\u00e4ndringar men har sv\u00e5rt att se hur det ska g\u00e5 till.<\/p><p>Innan man kommer till mig f\u00f6rsta g\u00e5ngen har vi ett kort kostnadsfritt samtal. Detta f\u00f6r att du ska f\u00e5 en b\u00e4ttre k\u00e4nsla f\u00f6r om jag passar dig som terapeut, eftersom ingen terapeut passar alla. <br \/>Jag f\u00f6rklarar hur jag arbetar och du ber\u00e4ttar lite kort om din situation. Det finns ett antal olika metoder att v\u00e4lja mellan och tillsammans best\u00e4mmer vi vilken\/vilka som kan anv\u00e4ndas f\u00f6r att du\/ni ska n\u00e5 det \u00f6nskade resultatet.<\/p><p>Jag k\u00e4nner en stor tacksamhet f\u00f6r att jag f\u00e5r arbeta med det jag g\u00f6r. Att f\u00e5 f\u00f6rtroendet att f\u00f6lja en m\u00e4nniska i utveckling och se hur hen tar mod till sig f\u00f6r att \u00f6ppna upp kring det som sm\u00e4rtar eller skr\u00e4mmer \u00e4r en ynnest. Om du best\u00e4mt dig f\u00f6r att bryta gamla skadliga m\u00f6nster eller om du vill f\u00f6rst\u00e5 varf\u00f6r det g\u00f6r ont i din sj\u00e4l \u00e4r du v\u00e4lkommen att kontakta\u00a0 mig<\/p>\t\t\t\t\t<\/div>\n\t\t\t\t\t\t<\/div>\n\t\t\t\t<\/div>\n\t\t\t\t\t\t<\/div>\n\t\t\t\t\t<\/div>\n\t\t<\/div>\n\t\t\t\t\t\t\t\t<\/div>\n\t\t\t\t\t<\/div>\n\t\t<\/section>\n\t\t\t\t<section class=\"elementor-section elementor-top-section elementor-element elementor-element-5ef31972 elementor-section-boxed elementor-section-height-default elementor-section-height-default\" data-id=\"5ef31972\" data-element_type=\"section\">\n\t\t\t\t\t\t<div class=\"elementor-container elementor-column-gap-default\">\n\t\t\t\t\t\t\t<div class=\"elementor-row\">\n\t\t\t\t\t<div class=\"elementor-column elementor-col-100 elementor-top-column elementor-element elementor-element-25472acb\" data-id=\"25472acb\" data-element_type=\"column\">\n\t\t\t<div class=\"elementor-column-wrap elementor-element-populated\">\n\t\t\t\t\t\t\t<div class=\"elementor-widget-wrap\">\n\t\t\t\t\t\t<div class=\"elementor-element elementor-element-50e5c063 animated-slow elementor-grid-3 elementor-grid-tablet-2 elementor-grid-mobile-1 elementor-posts--thumbnail-top elementor-invisible elementor-widget elementor-widget-posts\" data-id=\"50e5c063\" data-element_type=\"widget\" data-settings=\"{&quot;_animation&quot;:&quot;fadeIn&quot;,&quot;classic_row_gap&quot;:{&quot;unit&quot;:&quot;px&quot;,&quot;size&quot;:50,&quot;sizes&quot;:[]},&quot;classic_columns&quot;:&quot;3&quot;,&quot;classic_columns_tablet&quot;:&quot;2&quot;,&quot;classic_columns_mobile&quot;:&quot;1&quot;}\" data-widget_type=\"posts.classic\">\n\t\t\t\t<div class=\"elementor-widget-container\">\n\t\t\t\t\t<div class=\"elementor-posts-container elementor-posts elementor-posts--skin-classic elementor-grid\">\n\t\t\t\t<article class=\"elementor-post elementor-grid-item post-300 post type-post status-publish format-standard hentry category-sessioner\">\n\t\t\t\t<div class=\"elementor-post__text\">\n\t\t\t\t<h3 class=\"elementor-post__title\">\n\t\t\t<a href=\"https:\/\/anaolivegren.com\/en\/samtalsterapi\/\" >\n\t\t\t\tSamtalsterapi \u2013 det l\u00e4kande samtalet\t\t\t<\/a>\n\t\t<\/h3>\n\t\t\t\t<div class=\"elementor-post__excerpt\">\n\t\t\t<p>Samtalsterapi \u00e4r precis just vad det s\u00e4ger, vi samtalar om det som tynger eller f\u00f6rvirrar dig.<\/p>\n\t\t<\/div>\n\t\t\t\t\t<a class=\"elementor-post__read-more\" href=\"https:\/\/anaolivegren.com\/en\/samtalsterapi\/\" >\n\t\t\t\tRead more\t\t\t<\/a>\n\t\t\t\t<\/div>\n\t\t\t\t<\/article>\n\t\t\t\t<article class=\"elementor-post elementor-grid-item post-305 post type-post status-publish format-standard hentry category-sessioner\">\n\t\t\t\t<div class=\"elementor-post__text\">\n\t\t\t\t<h3 class=\"elementor-post__title\">\n\t\t\t<a href=\"https:\/\/anaolivegren.com\/en\/relationsradgivning-att-se-varandra-igen\/\" >\n\t\t\t\tRelationsr\u00e5dgivning \u2013 Att se varandra igen\t\t\t<\/a>\n\t\t<\/h3>\n\t\t\t\t<div class=\"elementor-post__excerpt\">\n\t\t\t<p>Trots de b\u00e4sta intentioner kan vi tappa bort varandra och fastna i l\u00e5sta rum. <\/p>\n\t\t<\/div>\n\t\t\t\t\t<a class=\"elementor-post__read-more\" href=\"https:\/\/anaolivegren.com\/en\/relationsradgivning-att-se-varandra-igen\/\" >\n\t\t\t\tRead more\t\t\t<\/a>\n\t\t\t\t<\/div>\n\t\t\t\t<\/article>\n\t\t\t\t<article class=\"elementor-post elementor-grid-item post-307 post type-post status-publish format-standard hentry category-sessioner\">\n\t\t\t\t<div class=\"elementor-post__text\">\n\t\t\t\t<h3 class=\"elementor-post__title\">\n\t\t\t<a href=\"https:\/\/anaolivegren.com\/en\/let-it-go-att-lata-kanslorna-floda\/\" >\n\t\t\t\tLet It Go \u2013 Att l\u00e5ta k\u00e4nslorna fl\u00f6da\t\t\t<\/a>\n\t\t<\/h3>\n\t\t\t\t<div class=\"elementor-post__excerpt\">\n\t\t\t<p>Att f\u00e5 utlopp f\u00f6r sina k\u00e4nslor \u00e4r viktigt s\u00e5 de inte l\u00e4gger sig som ett tungt lock och hindrar oss fr\u00e5n att t\u00e4nka och resonera klart.<\/p>\n\t\t<\/div>\n\t\t\t\t\t<a class=\"elementor-post__read-more\" href=\"https:\/\/anaolivegren.com\/en\/let-it-go-att-lata-kanslorna-floda\/\" >\n\t\t\t\tRead more\t\t\t<\/a>\n\t\t\t\t<\/div>\n\t\t\t\t<\/article>\n\t\t\t\t<article class=\"elementor-post elementor-grid-item post-315 post type-post status-publish format-standard hentry category-sessioner\">\n\t\t\t\t<div class=\"elementor-post__text\">\n\t\t\t\t<h3 class=\"elementor-post__title\">\n\t\t\t<a href=\"https:\/\/anaolivegren.com\/en\/trumresa-mot-ditt-kraftdjur\/\" >\n\t\t\t\tTrumresa \u2013 att l\u00e5ta rytmen finna svaren\t\t\t<\/a>\n\t\t<\/h3>\n\t\t\t\t<div class=\"elementor-post__excerpt\">\n\t\t\t<p>Sedan urminnes tider har trumman anv\u00e4nts f\u00f6r att hj\u00e4lpa oss till andra v\u00e4rldar. <\/p>\n\t\t<\/div>\n\t\t\t\t\t<a class=\"elementor-post__read-more\" href=\"https:\/\/anaolivegren.com\/en\/trumresa-mot-ditt-kraftdjur\/\" >\n\t\t\t\tRead more\t\t\t<\/a>\n\t\t\t\t<\/div>\n\t\t\t\t<\/article>\n\t\t\t\t<article class=\"elementor-post elementor-grid-item post-320 post type-post status-publish format-standard hentry category-sessioner\">\n\t\t\t\t<div class=\"elementor-post__text\">\n\t\t\t\t<h3 class=\"elementor-post__title\">\n\t\t\t<a href=\"https:\/\/anaolivegren.com\/en\/spirit-council-mot-dina-guider\/\" >\n\t\t\t\tSpirit Council \u2013 M\u00f6t dina guider\t\t\t<\/a>\n\t\t<\/h3>\n\t\t\t\t<div class=\"elementor-post__excerpt\">\n\t\t\t<p>Detta \u00e4r en fantastisk liten ceremoni som kan anv\u00e4ndas d\u00e5 man har en specifik fr\u00e5ga och vill f\u00e5 svar fr\u00e5n v\u00e4gledare med s\u00e4rskilda kunskaper i \u00e4mnet.<\/p>\n\t\t<\/div>\n\t\t\t\t\t<a class=\"elementor-post__read-more\" href=\"https:\/\/anaolivegren.com\/en\/spirit-council-mot-dina-guider\/\" >\n\t\t\t\tRead more\t\t\t<\/a>\n\t\t\t\t<\/div>\n\t\t\t\t<\/article>\n\t\t\t\t<article class=\"elementor-post elementor-grid-item post-322 post type-post status-publish format-standard hentry category-sessioner\">\n\t\t\t\t<div class=\"elementor-post__text\">\n\t\t\t\t<h3 class=\"elementor-post__title\">\n\t\t\t<a href=\"https:\/\/anaolivegren.com\/en\/conscious-breathing-andningen-som-laker\/\" >\n\t\t\t\tConscious Breathing \u2013 Frig\u00f6rande Andning\t\t\t<\/a>\n\t\t<\/h3>\n\t\t\t\t<div class=\"elementor-post__excerpt\">\n\t\t\t<p>En terapiform d\u00e4r du via andningen kan n\u00e5 djup du kanske inte n\u00e5r med andra metoder. <\/p>\n\t\t<\/div>\n\t\t\t\t\t<a class=\"elementor-post__read-more\" href=\"https:\/\/anaolivegren.com\/en\/conscious-breathing-andningen-som-laker\/\" >\n\t\t\t\tRead more\t\t\t<\/a>\n\t\t\t\t<\/div>\n\t\t\t\t<\/article>\n\t\t\t\t<article class=\"elementor-post elementor-grid-item post-324 post type-post status-publish format-standard hentry category-sessioner\">\n\t\t\t\t<div class=\"elementor-post__text\">\n\t\t\t\t<h3 class=\"elementor-post__title\">\n\t\t\t<a href=\"https:\/\/anaolivegren.com\/en\/loving-touch-mjuk-antistress-behandling\/\" >\n\t\t\t\tLoving touch \u2013 Mjuk antistress behandling\t\t\t<\/a>\n\t\t<\/h3>\n\t\t\t\t<div class=\"elementor-post__excerpt\">\n\t\t\t<p>En k\u00e4rleksfull behandling d\u00e4r jag kombinerar healing, klassisk muskelmassage, andnings\u00f6vningar samt taktil massage.<\/p>\n\t\t<\/div>\n\t\t\t\t\t<a class=\"elementor-post__read-more\" href=\"https:\/\/anaolivegren.com\/en\/loving-touch-mjuk-antistress-behandling\/\" >\n\t\t\t\tRead more\t\t\t<\/a>\n\t\t\t\t<\/div>\n\t\t\t\t<\/article>\n\t\t\t\t<article class=\"elementor-post elementor-grid-item post-326 post type-post status-publish format-standard hentry category-sessioner\">\n\t\t\t\t<div class=\"elementor-post__text\">\n\t\t\t\t<h3 class=\"elementor-post__title\">\n\t\t\t<a href=\"https:\/\/anaolivegren.com\/en\/resan-inat-hitta-ditt-inre-barn\/\" >\n\t\t\t\tResan In\u00e5t \u2013 Hitta ditt inre barn\t\t\t<\/a>\n\t\t<\/h3>\n\t\t\t\t<div class=\"elementor-post__excerpt\">\n\t\t\t<p>Alla har vi n\u00e5got s\u00e5r fr\u00e5n de f\u00f6rsta \u00e5ren av v\u00e5ra liv, ibland s\u00e5 sv\u00e5ra att de h\u00e4mmar oss som vuxna. <\/p>\n\t\t<\/div>\n\t\t\t\t\t<a class=\"elementor-post__read-more\" href=\"https:\/\/anaolivegren.com\/en\/resan-inat-hitta-ditt-inre-barn\/\" >\n\t\t\t\tRead more\t\t\t<\/a>\n\t\t\t\t<\/div>\n\t\t\t\t<\/article>\n\t\t\t\t<article class=\"elementor-post elementor-grid-item post-328 post type-post status-publish format-standard hentry category-sessioner\">\n\t\t\t\t<div class=\"elementor-post__text\">\n\t\t\t\t<h3 class=\"elementor-post__title\">\n\t\t\t<a href=\"https:\/\/anaolivegren.com\/en\/regression-svar-fran-tidigare-liv\/\" >\n\t\t\t\tRegression \u2013 Svar fr\u00e5n tidigare liv\t\t\t<\/a>\n\t\t<\/h3>\n\t\t\t\t<div class=\"elementor-post__excerpt\">\n\t\t\t<p>En teknik d\u00e4r man med n\u00e5gra enkla instruktioner f\u00e5r m\u00f6jlighet att bes\u00f6ka tidigare liv.<\/p>\n\t\t<\/div>\n\t\t\t\t\t<a class=\"elementor-post__read-more\" href=\"https:\/\/anaolivegren.com\/en\/regression-svar-fran-tidigare-liv\/\" >\n\t\t\t\tRead more\t\t\t<\/a>\n\t\t\t\t<\/div>\n\t\t\t\t<\/article>\n\t\t\t\t<article class=\"elementor-post elementor-grid-item post-330 post type-post status-publish format-standard hentry category-sessioner\">\n\t\t\t\t<div class=\"elementor-post__text\">\n\t\t\t\t<h3 class=\"elementor-post__title\">\n\t\t\t<a href=\"https:\/\/anaolivegren.com\/en\/heart-chakra-meditation-meditation-i-rorelse\/\" >\n\t\t\t\tHeart Chakra Meditation \u2013 Meditation i r\u00f6relse\t\t\t<\/a>\n\t\t<\/h3>\n\t\t\t\t<div class=\"elementor-post__excerpt\">\n\t\t\t<p>En del av oss har sv\u00e5rt att sitta still en l\u00e4ngre stund, d\u00e5 \u00e4r denna form av meditation perfekt. <\/p>\n\t\t<\/div>\n\t\t\t\t\t<a class=\"elementor-post__read-more\" href=\"https:\/\/anaolivegren.com\/en\/heart-chakra-meditation-meditation-i-rorelse\/\" >\n\t\t\t\tRead more\t\t\t<\/a>\n\t\t\t\t<\/div>\n\t\t\t\t<\/article>\n\t\t\t\t<\/div>\n\t\t\t\t<\/div>\n\t\t\t\t<\/div>\n\t\t\t\t\t\t<\/div>\n\t\t\t\t\t<\/div>\n\t\t<\/div>\n\t\t\t\t\t\t\t\t<\/div>\n\t\t\t\t\t<\/div>\n\t\t<\/section>\n\t\t\t\t\t\t\t\t\t<\/div>\n\t\t\t<\/div>\n\t\t\t\t\t<\/div>","protected":false},"excerpt":{"rendered":"<p>Sessioner\u200b Ibland beh\u00f6ver man hj\u00e4lp att f\u00f6rst\u00e5, att hitta en l\u00f6sning eller skapa nya perspektiv. Kanske \u00f6nskar man genomf\u00f6ra varaktiga f\u00f6r\u00e4ndringar men har sv\u00e5rt att se hur det ska g\u00e5 till. Innan man kommer till mig f\u00f6rsta g\u00e5ngen har vi ett kort kostnadsfritt samtal. Detta f\u00f6r att du ska f\u00e5 en b\u00e4ttre k\u00e4nsla f\u00f6r om [&hellip;]<\/p>\n","protected":false},"author":2,"featured_media":0,"parent":0,"menu_order":0,"comment_status":"closed","ping_status":"closed","template":"","meta":{"om_disable_all_campaigns":false,"_monsterinsights_skip_tracking":false,"_monsterinsights_sitenote_active":false,"_monsterinsights_sitenote_note":"","_monsterinsights_sitenote_category":0,"_uf_show_specific_survey":0,"_uf_disable_surveys":false},"aioseo_notices":[],"_links":{"self":[{"href":"https:\/\/anaolivegren.com\/en\/wp-json\/wp\/v2\/pages\/243"}],"collection":[{"href":"https:\/\/anaolivegren.com\/en\/wp-json\/wp\/v2\/pages"}],"about":[{"href":"https:\/\/anaolivegren.com\/en\/wp-json\/wp\/v2\/types\/page"}],"author":[{"embeddable":true,"href":"https:\/\/anaolivegren.com\/en\/wp-json\/wp\/v2\/users\/2"}],"replies":[{"embeddable":true,"href":"https:\/\/anaolivegren.com\/en\/wp-json\/wp\/v2\/comments?post=243"}],"version-history":[{"count":15,"href":"https:\/\/anaolivegren.com\/en\/wp-json\/wp\/v2\/pages\/243\/revisions"}],"predecessor-version":[{"id":672,"href":"https:\/\/anaolivegren.com\/en\/wp-json\/wp\/v2\/pages\/243\/revisions\/672"}],"wp:attachment":[{"href":"https:\/\/anaolivegren.com\/en\/wp-json\/wp\/v2\/media?parent=243"}],"curies":[{"name":"wp","href":"https:\/\/api.w.org\/{rel}","templated":true}]}}