{"id":259,"date":"2020-08-20T13:17:12","date_gmt":"2020-08-20T13:17:12","guid":{"rendered":"http:\/\/anaolivegren.com\/?page_id=259"},"modified":"2023-08-02T09:01:18","modified_gmt":"2023-08-02T09:01:18","slug":"om-ana-olivegren","status":"publish","type":"page","link":"https:\/\/anaolivegren.com\/en\/om-ana-olivegren\/","title":{"rendered":"Om Ana Olivegren"},"content":{"rendered":"<div data-elementor-type=\"wp-page\" data-elementor-id=\"259\" class=\"elementor elementor-259\">\n\t\t\t\t\t\t<div class=\"elementor-inner\">\n\t\t\t\t<div class=\"elementor-section-wrap\">\n\t\t\t\t\t\t\t\t\t<section class=\"elementor-section elementor-top-section elementor-element elementor-element-bdb54c0 elementor-section-stretched elementor-section-full_width elementor-section-height-default elementor-section-height-default\" data-id=\"bdb54c0\" data-element_type=\"section\" data-settings=\"{&quot;stretch_section&quot;:&quot;section-stretched&quot;}\">\n\t\t\t\t\t\t<div class=\"elementor-container elementor-column-gap-default\">\n\t\t\t\t\t\t\t<div class=\"elementor-row\">\n\t\t\t\t\t<div class=\"elementor-column elementor-col-100 elementor-top-column elementor-element elementor-element-9ec2aba\" data-id=\"9ec2aba\" data-element_type=\"column\" data-settings=\"{&quot;background_background&quot;:&quot;classic&quot;}\">\n\t\t\t<div class=\"elementor-column-wrap elementor-element-populated\">\n\t\t\t\t\t\t\t<div class=\"elementor-widget-wrap\">\n\t\t\t\t\t\t<div class=\"elementor-element elementor-element-578b19f elementor-widget elementor-widget-spacer\" data-id=\"578b19f\" data-element_type=\"widget\" data-widget_type=\"spacer.default\">\n\t\t\t\t<div class=\"elementor-widget-container\">\n\t\t\t\t\t<div class=\"elementor-spacer\">\n\t\t\t<div class=\"elementor-spacer-inner\"><\/div>\n\t\t<\/div>\n\t\t\t\t<\/div>\n\t\t\t\t<\/div>\n\t\t\t\t\t\t<\/div>\n\t\t\t\t\t<\/div>\n\t\t<\/div>\n\t\t\t\t\t\t\t\t<\/div>\n\t\t\t\t\t<\/div>\n\t\t<\/section>\n\t\t\t\t<section class=\"elementor-section elementor-top-section elementor-element elementor-element-e25aae9 elementor-section-boxed elementor-section-height-default elementor-section-height-default\" data-id=\"e25aae9\" data-element_type=\"section\" data-settings=\"{&quot;background_background&quot;:&quot;classic&quot;}\">\n\t\t\t\t\t\t<div class=\"elementor-container elementor-column-gap-default\">\n\t\t\t\t\t\t\t<div class=\"elementor-row\">\n\t\t\t\t\t<div class=\"elementor-column elementor-col-100 elementor-top-column elementor-element elementor-element-babf7f6\" data-id=\"babf7f6\" data-element_type=\"column\">\n\t\t\t<div class=\"elementor-column-wrap elementor-element-populated\">\n\t\t\t\t\t\t\t<div class=\"elementor-widget-wrap\">\n\t\t\t\t\t\t<section class=\"elementor-section elementor-inner-section elementor-element elementor-element-651e687 elementor-section-boxed elementor-section-height-default elementor-section-height-default\" data-id=\"651e687\" data-element_type=\"section\">\n\t\t\t\t\t\t<div class=\"elementor-container elementor-column-gap-default\">\n\t\t\t\t\t\t\t<div class=\"elementor-row\">\n\t\t\t\t\t<div class=\"elementor-column elementor-col-50 elementor-inner-column elementor-element elementor-element-f5fc3e5\" data-id=\"f5fc3e5\" data-element_type=\"column\">\n\t\t\t<div class=\"elementor-column-wrap elementor-element-populated\">\n\t\t\t\t\t\t\t<div class=\"elementor-widget-wrap\">\n\t\t\t\t\t\t<div class=\"elementor-element elementor-element-ff81247 animated-slow elementor-widget elementor-widget-text-editor\" data-id=\"ff81247\" data-element_type=\"widget\" data-settings=\"{&quot;_animation&quot;:&quot;none&quot;,&quot;_animation_delay&quot;:600}\" data-widget_type=\"text-editor.default\">\n\t\t\t\t<div class=\"elementor-widget-container\">\n\t\t\t\t\t\t\t\t<div class=\"elementor-text-editor elementor-clearfix\">\n\t\t\t\t<p class=\"p1\"><strong>\u201cIf only the day hade more hours!\u201d<\/strong>\u00a0is a phrase I often hear.<br \/>We live in a time when the wheels are spinning faster and faster. Expressions such as \"stress tolerance\", \"prioritization\" and \"multitasking\" have become watchwords.\nUnfortunately, other expressions often follow in its wake, such as \"burnout\" and \"symptoms of stress\".<\/p><p class=\"p1\">The social climate is experienced as increasingly tough and it affects us, young and old, regardless of gender, origin or religion.<br \/>So when the time comes for that inventory or update, many feel that the established system is not enough. In addition, more people want to take a greater responsibility themselves for their health and development, they want a better insight and understanding of both their own person and their environment.<\/p>\t\t\t\t\t<\/div>\n\t\t\t\t\t\t<\/div>\n\t\t\t\t<\/div>\n\t\t\t\t\t\t<\/div>\n\t\t\t\t\t<\/div>\n\t\t<\/div>\n\t\t\t\t<div class=\"elementor-column elementor-col-50 elementor-inner-column elementor-element elementor-element-8fa2523\" data-id=\"8fa2523\" data-element_type=\"column\" data-settings=\"{&quot;background_background&quot;:&quot;classic&quot;}\">\n\t\t\t<div class=\"elementor-column-wrap elementor-element-populated\">\n\t\t\t\t\t\t\t<div class=\"elementor-widget-wrap\">\n\t\t\t\t\t\t<div class=\"elementor-element elementor-element-b4831dd elementor-widget elementor-widget-spacer\" data-id=\"b4831dd\" data-element_type=\"widget\" data-widget_type=\"spacer.default\">\n\t\t\t\t<div class=\"elementor-widget-container\">\n\t\t\t\t\t<div class=\"elementor-spacer\">\n\t\t\t<div class=\"elementor-spacer-inner\"><\/div>\n\t\t<\/div>\n\t\t\t\t<\/div>\n\t\t\t\t<\/div>\n\t\t\t\t\t\t<\/div>\n\t\t\t\t\t<\/div>\n\t\t<\/div>\n\t\t\t\t\t\t\t\t<\/div>\n\t\t\t\t\t<\/div>\n\t\t<\/section>\n\t\t\t\t<section class=\"elementor-section elementor-inner-section elementor-element elementor-element-07d1567 elementor-section-boxed elementor-section-height-default elementor-section-height-default\" data-id=\"07d1567\" data-element_type=\"section\">\n\t\t\t\t\t\t<div class=\"elementor-container elementor-column-gap-default\">\n\t\t\t\t\t\t\t<div class=\"elementor-row\">\n\t\t\t\t\t<div class=\"elementor-column elementor-col-50 elementor-inner-column elementor-element elementor-element-faf4f43\" data-id=\"faf4f43\" data-element_type=\"column\" data-settings=\"{&quot;background_background&quot;:&quot;classic&quot;}\">\n\t\t\t<div class=\"elementor-column-wrap elementor-element-populated\">\n\t\t\t\t\t\t\t<div class=\"elementor-widget-wrap\">\n\t\t\t\t\t\t<div class=\"elementor-element elementor-element-a47b64c animated-slow elementor-widget elementor-widget-text-editor\" data-id=\"a47b64c\" data-element_type=\"widget\" data-settings=\"{&quot;_animation&quot;:&quot;none&quot;,&quot;_animation_delay&quot;:600}\" data-widget_type=\"text-editor.default\">\n\t\t\t\t<div class=\"elementor-widget-container\">\n\t\t\t\t\t\t\t\t<div class=\"elementor-text-editor elementor-clearfix\">\n\t\t\t\t<p class=\"MsoNormal\"><span style=\"color: black;\">At the same time, many feel that the times we are living in are exciting and improving . A time when the search for alternative ways is increasing, both in the private sphere and the public sector. A time when spiritual knowledge grows at a reassuring rate<o:p><\/o:p><\/span><\/p>\t\t\t\t\t<\/div>\n\t\t\t\t\t\t<\/div>\n\t\t\t\t<\/div>\n\t\t\t\t\t\t<\/div>\n\t\t\t\t\t<\/div>\n\t\t<\/div>\n\t\t\t\t<div class=\"elementor-column elementor-col-50 elementor-inner-column elementor-element elementor-element-8081ea7\" data-id=\"8081ea7\" data-element_type=\"column\" data-settings=\"{&quot;background_background&quot;:&quot;classic&quot;}\">\n\t\t\t<div class=\"elementor-column-wrap elementor-element-populated\">\n\t\t\t\t\t\t\t<div class=\"elementor-widget-wrap\">\n\t\t\t\t\t\t<div class=\"elementor-element elementor-element-cfb2b95 animated-slow elementor-widget elementor-widget-text-editor\" data-id=\"cfb2b95\" data-element_type=\"widget\" data-settings=\"{&quot;_animation&quot;:&quot;none&quot;,&quot;_animation_delay&quot;:600}\" data-widget_type=\"text-editor.default\">\n\t\t\t\t<div class=\"elementor-widget-container\">\n\t\t\t\t\t\t\t\t<div class=\"elementor-text-editor elementor-clearfix\">\n\t\t\t\t<p>That's where I come in. What I offer is not a replacement of the system but a complement to the already existing one. I use different approaches and new tools, based on both old and new, traditional and non-traditional methods.<\/p>\n<p>It's time to stop, catch your breath and create the life you want to have.<\/p>\t\t\t\t\t<\/div>\n\t\t\t\t\t\t<\/div>\n\t\t\t\t<\/div>\n\t\t\t\t\t\t<\/div>\n\t\t\t\t\t<\/div>\n\t\t<\/div>\n\t\t\t\t\t\t\t\t<\/div>\n\t\t\t\t\t<\/div>\n\t\t<\/section>\n\t\t\t\t\t\t<\/div>\n\t\t\t\t\t<\/div>\n\t\t<\/div>\n\t\t\t\t\t\t\t\t<\/div>\n\t\t\t\t\t<\/div>\n\t\t<\/section>\n\t\t\t\t<section class=\"elementor-section elementor-top-section elementor-element elementor-element-cb2e4e4 elementor-section-boxed elementor-section-height-default elementor-section-height-default\" data-id=\"cb2e4e4\" data-element_type=\"section\">\n\t\t\t\t\t\t<div class=\"elementor-container elementor-column-gap-default\">\n\t\t\t\t\t\t\t<div class=\"elementor-row\">\n\t\t\t\t\t<div class=\"elementor-column elementor-col-100 elementor-top-column elementor-element elementor-element-86e2124\" data-id=\"86e2124\" data-element_type=\"column\">\n\t\t\t<div class=\"elementor-column-wrap elementor-element-populated\">\n\t\t\t\t\t\t\t<div class=\"elementor-widget-wrap\">\n\t\t\t\t\t\t<div class=\"elementor-element elementor-element-f781d37 animated-slow elementor-invisible elementor-widget elementor-widget-heading\" data-id=\"f781d37\" data-element_type=\"widget\" data-settings=\"{&quot;_animation&quot;:&quot;fadeInUp&quot;,&quot;_animation_delay&quot;:300}\" data-widget_type=\"heading.default\">\n\t\t\t\t<div class=\"elementor-widget-container\">\n\t\t\t<h2 class=\"elementor-heading-title elementor-size-default\">About Ana<\/h2>\t\t<\/div>\n\t\t\t\t<\/div>\n\t\t\t\t\t\t<\/div>\n\t\t\t\t\t<\/div>\n\t\t<\/div>\n\t\t\t\t\t\t\t\t<\/div>\n\t\t\t\t\t<\/div>\n\t\t<\/section>\n\t\t\t\t<section class=\"elementor-section elementor-top-section elementor-element elementor-element-aadf10e elementor-section-boxed elementor-section-height-default elementor-section-height-default\" data-id=\"aadf10e\" data-element_type=\"section\">\n\t\t\t\t\t\t<div class=\"elementor-container elementor-column-gap-default\">\n\t\t\t\t\t\t\t<div class=\"elementor-row\">\n\t\t\t\t\t<div class=\"elementor-column elementor-col-50 elementor-top-column elementor-element elementor-element-8767ae9\" data-id=\"8767ae9\" data-element_type=\"column\">\n\t\t\t<div class=\"elementor-column-wrap elementor-element-populated\">\n\t\t\t\t\t\t\t<div class=\"elementor-widget-wrap\">\n\t\t\t\t\t\t<div class=\"elementor-element elementor-element-34d172e animated-slow elementor-widget elementor-widget-text-editor\" data-id=\"34d172e\" data-element_type=\"widget\" data-settings=\"{&quot;_animation&quot;:&quot;none&quot;,&quot;_animation_delay&quot;:600}\" data-widget_type=\"text-editor.default\">\n\t\t\t\t<div class=\"elementor-widget-container\">\n\t\t\t\t\t\t\t\t<div class=\"elementor-text-editor elementor-clearfix\">\n\t\t\t\t<p>Ana Olivegren is a modern medicine woman, working as an international teacher and therapist with 40 years of experience focusing on mental, physical and emotional health using Ceremonies, Counselling and Breathwork as her main tools.<\/p><p>She is a corporate workshop leader, utilizing firewalking as a driving force into action and results. She has been initiated into leading sweatlodges by Native American tribal teachers and is certified in other therapies such as Breathwork, Reiki, EFT Tapping, Urban Tantra and Classic Massage.<br \/>Ana is fluent in Swedish, English and Italian<\/p><p>In addition to this work Ana offers relationship coaching, counseling, tantric teachings, regression therapy and stress management skills and on special occasion she conducts weddings and name-giving-ceremonies.<\/p><p>During the 1990\u2019s she worked with teenagers managing a spare-time-center and its staff, where she developed and implemented a unique method for running such centers. There she created a program to guide young people in their development into adulthood, which she now offers to schools and centers for teenagers.<\/p>\t\t\t\t\t<\/div>\n\t\t\t\t\t\t<\/div>\n\t\t\t\t<\/div>\n\t\t\t\t\t\t<\/div>\n\t\t\t\t\t<\/div>\n\t\t<\/div>\n\t\t\t\t<div class=\"elementor-column elementor-col-50 elementor-top-column elementor-element elementor-element-6e14e08\" data-id=\"6e14e08\" data-element_type=\"column\">\n\t\t\t<div class=\"elementor-column-wrap elementor-element-populated\">\n\t\t\t\t\t\t\t<div class=\"elementor-widget-wrap\">\n\t\t\t\t\t\t<div class=\"elementor-element elementor-element-e24931c animated-slow elementor-widget elementor-widget-text-editor\" data-id=\"e24931c\" data-element_type=\"widget\" data-settings=\"{&quot;_animation&quot;:&quot;none&quot;,&quot;_animation_delay&quot;:600}\" data-widget_type=\"text-editor.default\">\n\t\t\t\t<div class=\"elementor-widget-container\">\n\t\t\t\t\t\t\t\t<div class=\"elementor-text-editor elementor-clearfix\">\n\t\t\t\t<p class=\"p1\"><span class=\"s1\">With her warmhearted presence and deep empathy she has guided countless individuals and couples to find their inner joy and connection to self and others. Through compassion, contagious joy and straight forward communication she touches participants and clients on a deep level and the healing laughter is never far away for those who meet her.<\/span><\/p>\n<p class=\"p1\"><span class=\"s1\">Ana has known and worked with Peggy Dylan since 1998, is a Certified Sundoor Master &amp; Teacher, thereby certified to train others to lead firewalks.<br><\/span><\/p>\n<p class=\"p1\"><span class=\"s1\">In her work she uses a combination of ancient rites and modern techniques, while teaching how to create a safe environment to explore the dimensions of inner growth.<\/span><\/p>\t\t\t\t\t<\/div>\n\t\t\t\t\t\t<\/div>\n\t\t\t\t<\/div>\n\t\t\t\t\t\t<\/div>\n\t\t\t\t\t<\/div>\n\t\t<\/div>\n\t\t\t\t\t\t\t\t<\/div>\n\t\t\t\t\t<\/div>\n\t\t<\/section>\n\t\t\t\t\t\t\t\t\t<\/div>\n\t\t\t<\/div>\n\t\t\t\t\t<\/div>","protected":false},"excerpt":{"rendered":"<p>\u201d-Om \u00e4nd\u00e5 dygnet hade fler timmar! \u201d\u00a0\u00e4r en fras jag ofta h\u00f6r.Vi lever i en tid d\u00e5 hjulen snurrar allt snabbare och vi hinner liksom inte med oss sj\u00e4lva. Uttryck som \u201dstresst\u00e5lighet\u201d, \u201dprioritering\u201d och \u201dm\u00e5nga bollar i luften\u201d har blivit honn\u00f6rsord. Tyv\u00e4rr f\u00f6ljer i dess k\u00f6lvatten ofta andra uttryck, som \u201dutbr\u00e4ndhet\u201d och \u201dstressymptom\u201d. Det sociala [&hellip;]<\/p>\n","protected":false},"author":2,"featured_media":0,"parent":0,"menu_order":0,"comment_status":"closed","ping_status":"closed","template":"","meta":{"om_disable_all_campaigns":false,"_monsterinsights_skip_tracking":false,"_monsterinsights_sitenote_active":false,"_monsterinsights_sitenote_note":"","_monsterinsights_sitenote_category":0,"_uf_show_specific_survey":0,"_uf_disable_surveys":false},"aioseo_notices":[],"_links":{"self":[{"href":"https:\/\/anaolivegren.com\/en\/wp-json\/wp\/v2\/pages\/259"}],"collection":[{"href":"https:\/\/anaolivegren.com\/en\/wp-json\/wp\/v2\/pages"}],"about":[{"href":"https:\/\/anaolivegren.com\/en\/wp-json\/wp\/v2\/types\/page"}],"author":[{"embeddable":true,"href":"https:\/\/anaolivegren.com\/en\/wp-json\/wp\/v2\/users\/2"}],"replies":[{"embeddable":true,"href":"https:\/\/anaolivegren.com\/en\/wp-json\/wp\/v2\/comments?post=259"}],"version-history":[{"count":41,"href":"https:\/\/anaolivegren.com\/en\/wp-json\/wp\/v2\/pages\/259\/revisions"}],"predecessor-version":[{"id":492,"href":"https:\/\/anaolivegren.com\/en\/wp-json\/wp\/v2\/pages\/259\/revisions\/492"}],"wp:attachment":[{"href":"https:\/\/anaolivegren.com\/en\/wp-json\/wp\/v2\/media?parent=259"}],"curies":[{"name":"wp","href":"https:\/\/api.w.org\/{rel}","templated":true}]}}